{"id":10263,"date":"2019-09-30T16:52:48","date_gmt":"2019-09-30T14:52:48","guid":{"rendered":"https:\/\/www.rgequip.com\/?post_type=product&#038;p=10263"},"modified":"2019-11-01T14:04:11","modified_gmt":"2019-11-01T13:04:11","slug":"spatules-a-crepes","status":"publish","type":"product","link":"https:\/\/www.rgequip.com\/?product=spatules-a-crepes","title":{"rendered":"SPATULES \u00c0 CR\u00caPES"},"content":{"rendered":"<p>Spatule longue et incurv\u00e9e, id\u00e9ale pour retourner et servir les cr\u00eapes, galettes, \u2026<br \/>\nDe m\u00eame,elle Pourrait servir \u00e0 \u00e9taler un gla\u00e7age, napper un g\u00e2teau&#8230;<br \/>\nUtile pour d\u00e9placer et manipuler des p\u00e2tisseries chaudes (cookies, biscuits) et des d\u00e9corations d\u00e9licates (biscuits d\u00e9coup\u00e9s \u00e0 l\u2019emporte-pi\u00e8ce\u2026).<br \/>\n* Avec lame flexible offset<\/p>\n","protected":false},"excerpt":{"rendered":"<p>Spatule longue et incurv\u00e9e, id\u00e9ale pour retourner et servir les cr\u00eapes, galettes, \u2026 De m\u00eame,elle Pourrait servir \u00e0 \u00e9taler un<\/p>\n","protected":false},"featured_media":12170,"comment_status":"open","ping_status":"closed","template":"","meta":[],"product_brand":[],"product_cat":[337,340,355],"product_tag":[],"class_list":{"0":"post-10263","1":"product","2":"type-product","3":"status-publish","4":"has-post-thumbnail","6":"product_cat-preparation","7":"product_cat-accessoires-preparation","8":"product_cat-ustensils","10":"first","11":"instock","12":"shipping-taxable","13":"product-type-simple"},"_links":{"self":[{"href":"https:\/\/www.rgequip.com\/index.php?rest_route=\/wp\/v2\/product\/10263","targetHints":{"allow":["GET"]}}],"collection":[{"href":"https:\/\/www.rgequip.com\/index.php?rest_route=\/wp\/v2\/product"}],"about":[{"href":"https:\/\/www.rgequip.com\/index.php?rest_route=\/wp\/v2\/types\/product"}],"replies":[{"embeddable":true,"href":"https:\/\/www.rgequip.com\/index.php?rest_route=%2Fwp%2Fv2%2Fcomments&post=10263"}],"version-history":[{"count":0,"href":"https:\/\/www.rgequip.com\/index.php?rest_route=\/wp\/v2\/product\/10263\/revisions"}],"wp:featuredmedia":[{"embeddable":true,"href":"https:\/\/www.rgequip.com\/index.php?rest_route=\/wp\/v2\/media\/12170"}],"wp:attachment":[{"href":"https:\/\/www.rgequip.com\/index.php?rest_route=%2Fwp%2Fv2%2Fmedia&parent=10263"}],"wp:term":[{"taxonomy":"product_brand","embeddable":true,"href":"https:\/\/www.rgequip.com\/index.php?rest_route=%2Fwp%2Fv2%2Fproduct_brand&post=10263"},{"taxonomy":"product_cat","embeddable":true,"href":"https:\/\/www.rgequip.com\/index.php?rest_route=%2Fwp%2Fv2%2Fproduct_cat&post=10263"},{"taxonomy":"product_tag","embeddable":true,"href":"https:\/\/www.rgequip.com\/index.php?rest_route=%2Fwp%2Fv2%2Fproduct_tag&post=10263"}],"curies":[{"name":"wp","href":"https:\/\/api.w.org\/{rel}","templated":true}]}}