{"id":10255,"date":"2019-09-30T16:30:35","date_gmt":"2019-09-30T14:30:35","guid":{"rendered":"https:\/\/www.rgequip.com\/?post_type=product&#038;p=10255"},"modified":"2019-09-30T16:31:52","modified_gmt":"2019-09-30T14:31:52","slug":"ouvre-boites-modele-industriel","status":"publish","type":"product","link":"https:\/\/www.rgequip.com\/?product=ouvre-boites-modele-industriel","title":{"rendered":"Ouvre-bo\u00eetes mod\u00e8le industriel"},"content":{"rendered":"<p>fabriqu\u00e9 dans des mat\u00e9riaux alimentaires s\u00e9lectionn\u00e9s et r\u00e9sistants afin de garantir un fonctionnement doux et une usure minimale. Les caract\u00e9ristiques de la lame et les engrenages \u00e9vitent les fragments de m\u00e9tal ou les bords coupants.<\/p>\n<p>Les couteaux poss\u00e8dent un traitement antibact\u00e9rien pour assurer une hygi\u00e8ne maximale.<\/p>\n","protected":false},"excerpt":{"rendered":"<p>fabriqu\u00e9 dans des mat\u00e9riaux alimentaires s\u00e9lectionn\u00e9s et r\u00e9sistants afin de garantir un fonctionnement doux et une usure minimale. Les caract\u00e9ristiques<\/p>\n","protected":false},"featured_media":10258,"comment_status":"open","ping_status":"closed","template":"","meta":[],"product_brand":[],"product_cat":[337,340,355],"product_tag":[],"class_list":{"0":"post-10255","1":"product","2":"type-product","3":"status-publish","4":"has-post-thumbnail","6":"product_cat-preparation","7":"product_cat-accessoires-preparation","8":"product_cat-ustensils","10":"first","11":"instock","12":"shipping-taxable","13":"product-type-simple"},"_links":{"self":[{"href":"https:\/\/www.rgequip.com\/index.php?rest_route=\/wp\/v2\/product\/10255","targetHints":{"allow":["GET"]}}],"collection":[{"href":"https:\/\/www.rgequip.com\/index.php?rest_route=\/wp\/v2\/product"}],"about":[{"href":"https:\/\/www.rgequip.com\/index.php?rest_route=\/wp\/v2\/types\/product"}],"replies":[{"embeddable":true,"href":"https:\/\/www.rgequip.com\/index.php?rest_route=%2Fwp%2Fv2%2Fcomments&post=10255"}],"version-history":[{"count":0,"href":"https:\/\/www.rgequip.com\/index.php?rest_route=\/wp\/v2\/product\/10255\/revisions"}],"wp:featuredmedia":[{"embeddable":true,"href":"https:\/\/www.rgequip.com\/index.php?rest_route=\/wp\/v2\/media\/10258"}],"wp:attachment":[{"href":"https:\/\/www.rgequip.com\/index.php?rest_route=%2Fwp%2Fv2%2Fmedia&parent=10255"}],"wp:term":[{"taxonomy":"product_brand","embeddable":true,"href":"https:\/\/www.rgequip.com\/index.php?rest_route=%2Fwp%2Fv2%2Fproduct_brand&post=10255"},{"taxonomy":"product_cat","embeddable":true,"href":"https:\/\/www.rgequip.com\/index.php?rest_route=%2Fwp%2Fv2%2Fproduct_cat&post=10255"},{"taxonomy":"product_tag","embeddable":true,"href":"https:\/\/www.rgequip.com\/index.php?rest_route=%2Fwp%2Fv2%2Fproduct_tag&post=10255"}],"curies":[{"name":"wp","href":"https:\/\/api.w.org\/{rel}","templated":true}]}}