{"id":10253,"date":"2019-09-30T16:24:41","date_gmt":"2019-09-30T14:24:41","guid":{"rendered":"https:\/\/www.rgequip.com\/?post_type=product&#038;p=10253"},"modified":"2019-09-30T16:24:42","modified_gmt":"2019-09-30T14:24:42","slug":"couteau-chef-180mm","status":"publish","type":"product","link":"https:\/\/www.rgequip.com\/?product=couteau-chef-180mm","title":{"rendered":"Couteau Chef 180mm"},"content":{"rendered":"<p>Le\u00a0<strong>couteau de chef<\/strong>\u00a0est un couteau multi-usages tr\u00e8s maniable, vous permettant des d\u00e9coupes diverses et vari\u00e9es ! Il est aussi appr\u00e9ci\u00e9 en cuisine professionnelle qu&#8217;\u00e0 la maison. Le\u00a0<strong>couteau de chef<\/strong>\u00a0est alors un incontournable du\u00a0<strong>couteau de cuisine<\/strong>\u00a0!\u00a0De plus,le manche de couleur noir repr\u00e9sente l&#8217;universalit\u00e9, le jaune pour les fromages,Le rouge pour les viandes,<br \/>\nLe bleu pour les poissons,Le vert pour les fruits et l\u00e9gumes et Le marron pour les l\u00e9gumes crus.<\/p>\n","protected":false},"excerpt":{"rendered":"<p>Le\u00a0couteau de chef\u00a0est un couteau multi-usages tr\u00e8s maniable, vous permettant des d\u00e9coupes diverses et vari\u00e9es ! Il est aussi appr\u00e9ci\u00e9<\/p>\n","protected":false},"featured_media":10254,"comment_status":"open","ping_status":"closed","template":"","meta":[],"product_brand":[],"product_cat":[337,340,355],"product_tag":[],"class_list":{"0":"post-10253","1":"product","2":"type-product","3":"status-publish","4":"has-post-thumbnail","6":"product_cat-preparation","7":"product_cat-accessoires-preparation","8":"product_cat-ustensils","10":"first","11":"instock","12":"shipping-taxable","13":"product-type-simple"},"_links":{"self":[{"href":"https:\/\/www.rgequip.com\/index.php?rest_route=\/wp\/v2\/product\/10253","targetHints":{"allow":["GET"]}}],"collection":[{"href":"https:\/\/www.rgequip.com\/index.php?rest_route=\/wp\/v2\/product"}],"about":[{"href":"https:\/\/www.rgequip.com\/index.php?rest_route=\/wp\/v2\/types\/product"}],"replies":[{"embeddable":true,"href":"https:\/\/www.rgequip.com\/index.php?rest_route=%2Fwp%2Fv2%2Fcomments&post=10253"}],"version-history":[{"count":0,"href":"https:\/\/www.rgequip.com\/index.php?rest_route=\/wp\/v2\/product\/10253\/revisions"}],"wp:featuredmedia":[{"embeddable":true,"href":"https:\/\/www.rgequip.com\/index.php?rest_route=\/wp\/v2\/media\/10254"}],"wp:attachment":[{"href":"https:\/\/www.rgequip.com\/index.php?rest_route=%2Fwp%2Fv2%2Fmedia&parent=10253"}],"wp:term":[{"taxonomy":"product_brand","embeddable":true,"href":"https:\/\/www.rgequip.com\/index.php?rest_route=%2Fwp%2Fv2%2Fproduct_brand&post=10253"},{"taxonomy":"product_cat","embeddable":true,"href":"https:\/\/www.rgequip.com\/index.php?rest_route=%2Fwp%2Fv2%2Fproduct_cat&post=10253"},{"taxonomy":"product_tag","embeddable":true,"href":"https:\/\/www.rgequip.com\/index.php?rest_route=%2Fwp%2Fv2%2Fproduct_tag&post=10253"}],"curies":[{"name":"wp","href":"https:\/\/api.w.org\/{rel}","templated":true}]}}