{"id":10248,"date":"2019-09-30T16:07:39","date_gmt":"2019-09-30T14:07:39","guid":{"rendered":"https:\/\/www.rgequip.com\/?post_type=product&#038;p=10248"},"modified":"2019-09-30T16:07:39","modified_gmt":"2019-09-30T14:07:39","slug":"ciseau-a-poulet","status":"publish","type":"product","link":"https:\/\/www.rgequip.com\/?product=ciseau-a-poulet","title":{"rendered":"Ciseau \u00c0 Poulet"},"content":{"rendered":"<p>Ses lames tranchantes\u00a0 sont id\u00e9al pour tailler et couper la volaille, et ses lames effil\u00e9es acc\u00e8dent aux endroits difficiles \u00e0 atteindre.<br \/>\nLa volaille disposent \u00e9galement d&#8217;une encoche de lame qui maintient les os pendant la d\u00e9coupe.<br \/>\nLa poign\u00e9e emp\u00eache votre main de glisser vers l&#8217;avant pendant la d\u00e9coupe.<br \/>\nNettoyage approfondi et facile, et une poign\u00e9e de verrouillage maintient les lames ferm\u00e9es pour un rangement en toute s\u00e9curit\u00e9.<\/p>\n","protected":false},"excerpt":{"rendered":"<p>Ses lames tranchantes\u00a0 sont id\u00e9al pour tailler et couper la volaille, et ses lames effil\u00e9es acc\u00e8dent aux endroits difficiles \u00e0<\/p>\n","protected":false},"featured_media":10249,"comment_status":"open","ping_status":"closed","template":"","meta":[],"product_brand":[],"product_cat":[337,340,355],"product_tag":[],"class_list":{"0":"post-10248","1":"product","2":"type-product","3":"status-publish","4":"has-post-thumbnail","6":"product_cat-preparation","7":"product_cat-accessoires-preparation","8":"product_cat-ustensils","10":"first","11":"instock","12":"shipping-taxable","13":"product-type-simple"},"_links":{"self":[{"href":"https:\/\/www.rgequip.com\/index.php?rest_route=\/wp\/v2\/product\/10248","targetHints":{"allow":["GET"]}}],"collection":[{"href":"https:\/\/www.rgequip.com\/index.php?rest_route=\/wp\/v2\/product"}],"about":[{"href":"https:\/\/www.rgequip.com\/index.php?rest_route=\/wp\/v2\/types\/product"}],"replies":[{"embeddable":true,"href":"https:\/\/www.rgequip.com\/index.php?rest_route=%2Fwp%2Fv2%2Fcomments&post=10248"}],"version-history":[{"count":0,"href":"https:\/\/www.rgequip.com\/index.php?rest_route=\/wp\/v2\/product\/10248\/revisions"}],"wp:featuredmedia":[{"embeddable":true,"href":"https:\/\/www.rgequip.com\/index.php?rest_route=\/wp\/v2\/media\/10249"}],"wp:attachment":[{"href":"https:\/\/www.rgequip.com\/index.php?rest_route=%2Fwp%2Fv2%2Fmedia&parent=10248"}],"wp:term":[{"taxonomy":"product_brand","embeddable":true,"href":"https:\/\/www.rgequip.com\/index.php?rest_route=%2Fwp%2Fv2%2Fproduct_brand&post=10248"},{"taxonomy":"product_cat","embeddable":true,"href":"https:\/\/www.rgequip.com\/index.php?rest_route=%2Fwp%2Fv2%2Fproduct_cat&post=10248"},{"taxonomy":"product_tag","embeddable":true,"href":"https:\/\/www.rgequip.com\/index.php?rest_route=%2Fwp%2Fv2%2Fproduct_tag&post=10248"}],"curies":[{"name":"wp","href":"https:\/\/api.w.org\/{rel}","templated":true}]}}