{"id":10234,"date":"2019-09-30T14:58:22","date_gmt":"2019-09-30T12:58:22","guid":{"rendered":"https:\/\/www.rgequip.com\/?post_type=product&#038;p=10234"},"modified":"2019-10-14T18:18:23","modified_gmt":"2019-10-14T16:18:23","slug":"couteau-a-desosser","status":"publish","type":"product","link":"https:\/\/www.rgequip.com\/?product=couteau-a-desosser","title":{"rendered":"Couteau A D\u00e9sosser"},"content":{"rendered":"<p>Le\u00a0<strong>couteau \u00e0 d\u00e9sosser<\/strong>\u00a0est le couteau pr\u00e9f\u00e9r\u00e9 des bouchers ! Il \u00e9corche et tranche avec grande efficacit\u00e9 les tendons et graisses. Il est id\u00e9al pour d\u00e9biter les grosses pi\u00e8ces de viandes osseuses, volailles ou tout autre gibier&#8230; Une lame tr\u00e8s caract\u00e9ristique : fine et courbe pour assurer un tranchant lisse, d\u00e9sosser facilement la viande, la couper&#8230; un authentique couteau de boucher<\/p>\n","protected":false},"excerpt":{"rendered":"<p>Le\u00a0couteau \u00e0 d\u00e9sosser\u00a0est le couteau pr\u00e9f\u00e9r\u00e9 des bouchers ! Il \u00e9corche et tranche avec grande efficacit\u00e9 les tendons et graisses.<\/p>\n","protected":false},"featured_media":11107,"comment_status":"open","ping_status":"closed","template":"","meta":[],"product_brand":[],"product_cat":[337,340,355],"product_tag":[],"class_list":{"0":"post-10234","1":"product","2":"type-product","3":"status-publish","4":"has-post-thumbnail","6":"product_cat-preparation","7":"product_cat-accessoires-preparation","8":"product_cat-ustensils","10":"first","11":"instock","12":"shipping-taxable","13":"product-type-simple"},"_links":{"self":[{"href":"https:\/\/www.rgequip.com\/index.php?rest_route=\/wp\/v2\/product\/10234","targetHints":{"allow":["GET"]}}],"collection":[{"href":"https:\/\/www.rgequip.com\/index.php?rest_route=\/wp\/v2\/product"}],"about":[{"href":"https:\/\/www.rgequip.com\/index.php?rest_route=\/wp\/v2\/types\/product"}],"replies":[{"embeddable":true,"href":"https:\/\/www.rgequip.com\/index.php?rest_route=%2Fwp%2Fv2%2Fcomments&post=10234"}],"version-history":[{"count":0,"href":"https:\/\/www.rgequip.com\/index.php?rest_route=\/wp\/v2\/product\/10234\/revisions"}],"wp:featuredmedia":[{"embeddable":true,"href":"https:\/\/www.rgequip.com\/index.php?rest_route=\/wp\/v2\/media\/11107"}],"wp:attachment":[{"href":"https:\/\/www.rgequip.com\/index.php?rest_route=%2Fwp%2Fv2%2Fmedia&parent=10234"}],"wp:term":[{"taxonomy":"product_brand","embeddable":true,"href":"https:\/\/www.rgequip.com\/index.php?rest_route=%2Fwp%2Fv2%2Fproduct_brand&post=10234"},{"taxonomy":"product_cat","embeddable":true,"href":"https:\/\/www.rgequip.com\/index.php?rest_route=%2Fwp%2Fv2%2Fproduct_cat&post=10234"},{"taxonomy":"product_tag","embeddable":true,"href":"https:\/\/www.rgequip.com\/index.php?rest_route=%2Fwp%2Fv2%2Fproduct_tag&post=10234"}],"curies":[{"name":"wp","href":"https:\/\/api.w.org\/{rel}","templated":true}]}}