{"id":10205,"date":"2019-09-30T12:27:19","date_gmt":"2019-09-30T10:27:19","guid":{"rendered":"https:\/\/www.rgequip.com\/?post_type=product&#038;p=10205"},"modified":"2019-09-30T12:27:20","modified_gmt":"2019-09-30T10:27:20","slug":"couteau-econome-175-mm","status":"publish","type":"product","link":"https:\/\/www.rgequip.com\/?product=couteau-econome-175-mm","title":{"rendered":"Couteau \u00c9conome 175 MM"},"content":{"rendered":"<p>Ustensile de cuisine destin\u00e9 \u00e0 \u00e9plucher les pommes de terre et tous les autres l\u00e9gumes entour\u00e9s d&#8217;une peau.<br \/>\nEncore appel\u00e9 \u00e9plucheur ou \u00e9plucheur de l\u00e9gume.<\/p>\n","protected":false},"excerpt":{"rendered":"<p>Ustensile de cuisine destin\u00e9 \u00e0 \u00e9plucher les pommes de terre et tous les autres l\u00e9gumes entour\u00e9s d&#8217;une peau. Encore appel\u00e9<\/p>\n","protected":false},"featured_media":10213,"comment_status":"open","ping_status":"closed","template":"","meta":[],"product_brand":[],"product_cat":[337,340,355],"product_tag":[],"class_list":{"0":"post-10205","1":"product","2":"type-product","3":"status-publish","4":"has-post-thumbnail","6":"product_cat-preparation","7":"product_cat-accessoires-preparation","8":"product_cat-ustensils","10":"first","11":"instock","12":"shipping-taxable","13":"product-type-simple"},"_links":{"self":[{"href":"https:\/\/www.rgequip.com\/index.php?rest_route=\/wp\/v2\/product\/10205","targetHints":{"allow":["GET"]}}],"collection":[{"href":"https:\/\/www.rgequip.com\/index.php?rest_route=\/wp\/v2\/product"}],"about":[{"href":"https:\/\/www.rgequip.com\/index.php?rest_route=\/wp\/v2\/types\/product"}],"replies":[{"embeddable":true,"href":"https:\/\/www.rgequip.com\/index.php?rest_route=%2Fwp%2Fv2%2Fcomments&post=10205"}],"version-history":[{"count":0,"href":"https:\/\/www.rgequip.com\/index.php?rest_route=\/wp\/v2\/product\/10205\/revisions"}],"wp:featuredmedia":[{"embeddable":true,"href":"https:\/\/www.rgequip.com\/index.php?rest_route=\/wp\/v2\/media\/10213"}],"wp:attachment":[{"href":"https:\/\/www.rgequip.com\/index.php?rest_route=%2Fwp%2Fv2%2Fmedia&parent=10205"}],"wp:term":[{"taxonomy":"product_brand","embeddable":true,"href":"https:\/\/www.rgequip.com\/index.php?rest_route=%2Fwp%2Fv2%2Fproduct_brand&post=10205"},{"taxonomy":"product_cat","embeddable":true,"href":"https:\/\/www.rgequip.com\/index.php?rest_route=%2Fwp%2Fv2%2Fproduct_cat&post=10205"},{"taxonomy":"product_tag","embeddable":true,"href":"https:\/\/www.rgequip.com\/index.php?rest_route=%2Fwp%2Fv2%2Fproduct_tag&post=10205"}],"curies":[{"name":"wp","href":"https:\/\/api.w.org\/{rel}","templated":true}]}}