{"id":10204,"date":"2019-09-30T12:18:13","date_gmt":"2019-09-30T10:18:13","guid":{"rendered":"https:\/\/www.rgequip.com\/?post_type=product&#038;p=10204"},"modified":"2019-09-30T12:19:18","modified_gmt":"2019-09-30T10:19:18","slug":"moule-a-cake-15-cm-aluminium","status":"publish","type":"product","link":"https:\/\/www.rgequip.com\/?product=moule-a-cake-15-cm-aluminium","title":{"rendered":"Moule \u00e0 cake 15 cm Aluminium"},"content":{"rendered":"<p><strong data-spm-anchor-id=\"a2g0o.detail.1000023.i0.52b5579ctG4iS5\">Caract\u00e9ristiques:<\/strong><br \/>\n<span data-spm-anchor-id=\"a2g0o.detail.1000023.i1.52b5579ctG4iS5\">100% neuf et de haute qualit\u00e9.<\/span><br \/>\nParfait pour faire des tartes, des biscuits, des g\u00e2teaux, etc.<br \/>\nIl est facile \u00e0 nettoyer et r\u00e9utilisable.<br \/>\nDe m\u00eame,\u00a0 ce moule peut \u00eatre utilis\u00e9 pour fabriquer des biscuits, des fruits, du pouding et du chocolat, etc.<br \/>\nEnfin, peut mettre l&#8217;article dans le four et pr\u00e8s du feu!<br \/>\nSuper cadeau pour vos familles et amis.<\/p>\n","protected":false},"excerpt":{"rendered":"<p>Caract\u00e9ristiques: 100% neuf et de haute qualit\u00e9. Parfait pour faire des tartes, des biscuits, des g\u00e2teaux, etc. Il est facile<\/p>\n","protected":false},"featured_media":10189,"comment_status":"open","ping_status":"closed","template":"","meta":[],"product_brand":[],"product_cat":[369,374],"product_tag":[],"class_list":{"0":"post-10204","1":"product","2":"type-product","3":"status-publish","4":"has-post-thumbnail","6":"product_cat-boulangerie","7":"product_cat-autres","9":"first","10":"instock","11":"shipping-taxable","12":"product-type-simple"},"_links":{"self":[{"href":"https:\/\/www.rgequip.com\/index.php?rest_route=\/wp\/v2\/product\/10204","targetHints":{"allow":["GET"]}}],"collection":[{"href":"https:\/\/www.rgequip.com\/index.php?rest_route=\/wp\/v2\/product"}],"about":[{"href":"https:\/\/www.rgequip.com\/index.php?rest_route=\/wp\/v2\/types\/product"}],"replies":[{"embeddable":true,"href":"https:\/\/www.rgequip.com\/index.php?rest_route=%2Fwp%2Fv2%2Fcomments&post=10204"}],"version-history":[{"count":0,"href":"https:\/\/www.rgequip.com\/index.php?rest_route=\/wp\/v2\/product\/10204\/revisions"}],"wp:featuredmedia":[{"embeddable":true,"href":"https:\/\/www.rgequip.com\/index.php?rest_route=\/wp\/v2\/media\/10189"}],"wp:attachment":[{"href":"https:\/\/www.rgequip.com\/index.php?rest_route=%2Fwp%2Fv2%2Fmedia&parent=10204"}],"wp:term":[{"taxonomy":"product_brand","embeddable":true,"href":"https:\/\/www.rgequip.com\/index.php?rest_route=%2Fwp%2Fv2%2Fproduct_brand&post=10204"},{"taxonomy":"product_cat","embeddable":true,"href":"https:\/\/www.rgequip.com\/index.php?rest_route=%2Fwp%2Fv2%2Fproduct_cat&post=10204"},{"taxonomy":"product_tag","embeddable":true,"href":"https:\/\/www.rgequip.com\/index.php?rest_route=%2Fwp%2Fv2%2Fproduct_tag&post=10204"}],"curies":[{"name":"wp","href":"https:\/\/api.w.org\/{rel}","templated":true}]}}