{"id":10200,"date":"2019-09-30T12:17:30","date_gmt":"2019-09-30T10:17:30","guid":{"rendered":"https:\/\/www.rgequip.com\/?post_type=product&#038;p=10200"},"modified":"2019-09-30T12:18:34","modified_gmt":"2019-09-30T10:18:34","slug":"couperet-pm","status":"publish","type":"product","link":"https:\/\/www.rgequip.com\/?product=couperet-pm","title":{"rendered":"Couperet PM"},"content":{"rendered":"<p>Ustensile de cuisine, une sorte de grand couteau plat, tranchoir, fendoir ou cassoir, servant \u00e0 d\u00e9couper les carcasses. Utilis\u00e9 \u00e0 plat, il sert \u00e0 concasser ou \u00e9craser les viandes et l&#8217;ail. Il est \u00e9galement appel\u00e9 feuille de boucher.ustensile de cuisine, une sorte de grand couteau plat, tranchoir, fendoir ou cassoir, servant \u00e0 d\u00e9couper les carcasses. Utilis\u00e9 \u00e0 plat, il sert \u00e0 concasser ou \u00e9craser les viandes et l&#8217;ail. Il est \u00e9galement appel\u00e9 feuille de boucher.<\/p>\n","protected":false},"excerpt":{"rendered":"<p>Ustensile de cuisine, une sorte de grand couteau plat, tranchoir, fendoir ou cassoir, servant \u00e0 d\u00e9couper les carcasses. Utilis\u00e9 \u00e0<\/p>\n","protected":false},"featured_media":10203,"comment_status":"open","ping_status":"closed","template":"","meta":[],"product_brand":[],"product_cat":[337,340,355],"product_tag":[],"class_list":{"0":"post-10200","1":"product","2":"type-product","3":"status-publish","4":"has-post-thumbnail","6":"product_cat-preparation","7":"product_cat-accessoires-preparation","8":"product_cat-ustensils","10":"first","11":"instock","12":"shipping-taxable","13":"product-type-simple"},"_links":{"self":[{"href":"https:\/\/www.rgequip.com\/index.php?rest_route=\/wp\/v2\/product\/10200","targetHints":{"allow":["GET"]}}],"collection":[{"href":"https:\/\/www.rgequip.com\/index.php?rest_route=\/wp\/v2\/product"}],"about":[{"href":"https:\/\/www.rgequip.com\/index.php?rest_route=\/wp\/v2\/types\/product"}],"replies":[{"embeddable":true,"href":"https:\/\/www.rgequip.com\/index.php?rest_route=%2Fwp%2Fv2%2Fcomments&post=10200"}],"version-history":[{"count":0,"href":"https:\/\/www.rgequip.com\/index.php?rest_route=\/wp\/v2\/product\/10200\/revisions"}],"wp:featuredmedia":[{"embeddable":true,"href":"https:\/\/www.rgequip.com\/index.php?rest_route=\/wp\/v2\/media\/10203"}],"wp:attachment":[{"href":"https:\/\/www.rgequip.com\/index.php?rest_route=%2Fwp%2Fv2%2Fmedia&parent=10200"}],"wp:term":[{"taxonomy":"product_brand","embeddable":true,"href":"https:\/\/www.rgequip.com\/index.php?rest_route=%2Fwp%2Fv2%2Fproduct_brand&post=10200"},{"taxonomy":"product_cat","embeddable":true,"href":"https:\/\/www.rgequip.com\/index.php?rest_route=%2Fwp%2Fv2%2Fproduct_cat&post=10200"},{"taxonomy":"product_tag","embeddable":true,"href":"https:\/\/www.rgequip.com\/index.php?rest_route=%2Fwp%2Fv2%2Fproduct_tag&post=10200"}],"curies":[{"name":"wp","href":"https:\/\/api.w.org\/{rel}","templated":true}]}}