{"id":10177,"date":"2019-09-30T11:57:13","date_gmt":"2019-09-30T09:57:13","guid":{"rendered":"https:\/\/www.rgequip.com\/?post_type=product&#038;p=10177"},"modified":"2019-09-30T11:57:13","modified_gmt":"2019-09-30T09:57:13","slug":"couteau-a-pain-240-mm","status":"publish","type":"product","link":"https:\/\/www.rgequip.com\/?product=couteau-a-pain-240-mm","title":{"rendered":"Couteau \u00c0 Pain 240 mm"},"content":{"rendered":"<p>Couteaux forg\u00e9 par estampage en acier au carbone\u00a0 de haute qualit\u00e9.<br \/>\nles caract\u00e9ristiques suivantes:<br \/>\n&#8211; excellente coupe<br \/>\n&#8211; longue dur\u00e9e de vie du fil<br \/>\n&#8211; facile \u00e0 aiguiser<br \/>\n&#8211; tr\u00e8s r\u00e9sistant \u00e0 la corrosion<br \/>\nDu savoir-faire traditionnel et des machines tr\u00e8s pr\u00e9cises continue \u00e0 moudre et polir jusqu&#8217;\u00e0 l&#8217;angle de coupe id\u00e9ale\u00a0 pour chaque lame.<br \/>\nLe manche avec un design exclusif combines \u00e9quilibre, s\u00e9curit\u00e9, ergonomie et contr\u00f4le.<\/p>\n","protected":false},"excerpt":{"rendered":"<p>Couteaux forg\u00e9 par estampage en acier au carbone\u00a0 de haute qualit\u00e9. les caract\u00e9ristiques suivantes: &#8211; excellente coupe &#8211; longue dur\u00e9e<\/p>\n","protected":false},"featured_media":10180,"comment_status":"open","ping_status":"closed","template":"","meta":[],"product_brand":[],"product_cat":[337,340,355],"product_tag":[],"class_list":{"0":"post-10177","1":"product","2":"type-product","3":"status-publish","4":"has-post-thumbnail","6":"product_cat-preparation","7":"product_cat-accessoires-preparation","8":"product_cat-ustensils","10":"first","11":"instock","12":"shipping-taxable","13":"product-type-simple"},"_links":{"self":[{"href":"https:\/\/www.rgequip.com\/index.php?rest_route=\/wp\/v2\/product\/10177","targetHints":{"allow":["GET"]}}],"collection":[{"href":"https:\/\/www.rgequip.com\/index.php?rest_route=\/wp\/v2\/product"}],"about":[{"href":"https:\/\/www.rgequip.com\/index.php?rest_route=\/wp\/v2\/types\/product"}],"replies":[{"embeddable":true,"href":"https:\/\/www.rgequip.com\/index.php?rest_route=%2Fwp%2Fv2%2Fcomments&post=10177"}],"version-history":[{"count":1,"href":"https:\/\/www.rgequip.com\/index.php?rest_route=\/wp\/v2\/product\/10177\/revisions"}],"predecessor-version":[{"id":10182,"href":"https:\/\/www.rgequip.com\/index.php?rest_route=\/wp\/v2\/product\/10177\/revisions\/10182"}],"wp:featuredmedia":[{"embeddable":true,"href":"https:\/\/www.rgequip.com\/index.php?rest_route=\/wp\/v2\/media\/10180"}],"wp:attachment":[{"href":"https:\/\/www.rgequip.com\/index.php?rest_route=%2Fwp%2Fv2%2Fmedia&parent=10177"}],"wp:term":[{"taxonomy":"product_brand","embeddable":true,"href":"https:\/\/www.rgequip.com\/index.php?rest_route=%2Fwp%2Fv2%2Fproduct_brand&post=10177"},{"taxonomy":"product_cat","embeddable":true,"href":"https:\/\/www.rgequip.com\/index.php?rest_route=%2Fwp%2Fv2%2Fproduct_cat&post=10177"},{"taxonomy":"product_tag","embeddable":true,"href":"https:\/\/www.rgequip.com\/index.php?rest_route=%2Fwp%2Fv2%2Fproduct_tag&post=10177"}],"curies":[{"name":"wp","href":"https:\/\/api.w.org\/{rel}","templated":true}]}}