{"id":10170,"date":"2019-09-30T11:30:52","date_gmt":"2019-09-30T09:30:52","guid":{"rendered":"https:\/\/www.rgequip.com\/?post_type=product&#038;p=10170"},"modified":"2019-09-30T11:30:53","modified_gmt":"2019-09-30T09:30:53","slug":"couteau-econome-articule","status":"publish","type":"product","link":"https:\/\/www.rgequip.com\/?product=couteau-econome-articule","title":{"rendered":"Couteau \u00c9conome Articul\u00e9"},"content":{"rendered":"<p>Cette \u00e9conome\u00a0professionnel vous permettra d&#8217;\u00e9plucher vos fruits et l\u00e9gumes sans coincement dans la lame.<\/p>\n<p>La lame de ce cette \u00e9plucheur est une lame au tranchant rasoir pour un \u00e9pluchage sans effort.<\/p>\n<p>Haute qualit\u00e9<br \/>\n\u00c0 t\u00eate articul\u00e9e<\/p>\n","protected":false},"excerpt":{"rendered":"<p>Cette \u00e9conome\u00a0professionnel vous permettra d&#8217;\u00e9plucher vos fruits et l\u00e9gumes sans coincement dans la lame. La lame de ce cette \u00e9plucheur<\/p>\n","protected":false},"featured_media":10171,"comment_status":"open","ping_status":"closed","template":"","meta":[],"product_brand":[],"product_cat":[337,340,355],"product_tag":[],"class_list":{"0":"post-10170","1":"product","2":"type-product","3":"status-publish","4":"has-post-thumbnail","6":"product_cat-preparation","7":"product_cat-accessoires-preparation","8":"product_cat-ustensils","10":"first","11":"instock","12":"shipping-taxable","13":"product-type-simple"},"_links":{"self":[{"href":"https:\/\/www.rgequip.com\/index.php?rest_route=\/wp\/v2\/product\/10170","targetHints":{"allow":["GET"]}}],"collection":[{"href":"https:\/\/www.rgequip.com\/index.php?rest_route=\/wp\/v2\/product"}],"about":[{"href":"https:\/\/www.rgequip.com\/index.php?rest_route=\/wp\/v2\/types\/product"}],"replies":[{"embeddable":true,"href":"https:\/\/www.rgequip.com\/index.php?rest_route=%2Fwp%2Fv2%2Fcomments&post=10170"}],"version-history":[{"count":0,"href":"https:\/\/www.rgequip.com\/index.php?rest_route=\/wp\/v2\/product\/10170\/revisions"}],"wp:featuredmedia":[{"embeddable":true,"href":"https:\/\/www.rgequip.com\/index.php?rest_route=\/wp\/v2\/media\/10171"}],"wp:attachment":[{"href":"https:\/\/www.rgequip.com\/index.php?rest_route=%2Fwp%2Fv2%2Fmedia&parent=10170"}],"wp:term":[{"taxonomy":"product_brand","embeddable":true,"href":"https:\/\/www.rgequip.com\/index.php?rest_route=%2Fwp%2Fv2%2Fproduct_brand&post=10170"},{"taxonomy":"product_cat","embeddable":true,"href":"https:\/\/www.rgequip.com\/index.php?rest_route=%2Fwp%2Fv2%2Fproduct_cat&post=10170"},{"taxonomy":"product_tag","embeddable":true,"href":"https:\/\/www.rgequip.com\/index.php?rest_route=%2Fwp%2Fv2%2Fproduct_tag&post=10170"}],"curies":[{"name":"wp","href":"https:\/\/api.w.org\/{rel}","templated":true}]}}