{"id":10166,"date":"2019-09-30T11:26:01","date_gmt":"2019-09-30T09:26:01","guid":{"rendered":"https:\/\/www.rgequip.com\/?post_type=product&#038;p=10166"},"modified":"2020-07-09T14:06:52","modified_gmt":"2020-07-09T12:06:52","slug":"four-a-convection-3-plateaux","status":"publish","type":"product","link":"https:\/\/www.rgequip.com\/?product=four-a-convection-3-plateaux","title":{"rendered":"Four \u00e0 Convection 3 Plateaux"},"content":{"rendered":"<p>Tous les composants principaux\u00a0 situ\u00e9s \u00e0 l&#8217;avant pour faciliter la maintenance.<br \/>\nToute la construction en acier inoxydable con\u00e7ue pour \u00e9viter toute infiltration.<br \/>\nDessus, c\u00f4t\u00e9s, arri\u00e8re, panneaux avant et pupitres de commande en acier inoxydable au fini satin\u00e9 scotchbrite.<br \/>\nLes unit\u00e9s autonomes et les unit\u00e9s de base \u00e9quip\u00e9es de pieds inoxydables r\u00e9glables de 150 mm.<br \/>\nLe four est en acier inoxydable AISI 430 et \u00e9quip\u00e9 de deux guides de conteneur.<br \/>\nCapacit\u00e9 de la chambre du four 1\/1 tablettes GN amovibles et \u00e0 trois r\u00e9glages de hauteur.<br \/>\nContr\u00f4l\u00e9 par un commutateur \u00e0 4 positions: Arr\u00eat, Haut, ventilateur turbo ou les deux, avec indicateur<br \/>\nPorte du four de 40 mm d&#8217;\u00e9paisseur \u00e9quip\u00e9e d&#8217;une poign\u00e9e ergonomique robuste<br \/>\nLa chambre du four statique peut \u00eatre contr\u00f4l\u00e9e thermodynamiquement\u00a0entre 50 et 300 \u00b0 C<br \/>\nPorte robuste avec charni\u00e8res int\u00e9gr\u00e9es contrebalanc\u00e9es par un ressort<\/p>\n","protected":false},"excerpt":{"rendered":"<p>Tous les composants principaux\u00a0 situ\u00e9s \u00e0 l&#8217;avant pour faciliter la maintenance. Toute la construction en acier inoxydable con\u00e7ue pour \u00e9viter<\/p>\n","protected":false},"featured_media":18196,"comment_status":"open","ping_status":"closed","template":"","meta":[],"product_brand":[],"product_cat":[369,372,384],"product_tag":[],"class_list":{"0":"post-10166","1":"product","2":"type-product","3":"status-publish","4":"has-post-thumbnail","6":"product_cat-boulangerie","7":"product_cat-cuisson-boulangerie","8":"product_cat-fours-combines-etuves","10":"first","11":"instock","12":"shipping-taxable","13":"product-type-simple"},"_links":{"self":[{"href":"https:\/\/www.rgequip.com\/index.php?rest_route=\/wp\/v2\/product\/10166","targetHints":{"allow":["GET"]}}],"collection":[{"href":"https:\/\/www.rgequip.com\/index.php?rest_route=\/wp\/v2\/product"}],"about":[{"href":"https:\/\/www.rgequip.com\/index.php?rest_route=\/wp\/v2\/types\/product"}],"replies":[{"embeddable":true,"href":"https:\/\/www.rgequip.com\/index.php?rest_route=%2Fwp%2Fv2%2Fcomments&post=10166"}],"version-history":[{"count":0,"href":"https:\/\/www.rgequip.com\/index.php?rest_route=\/wp\/v2\/product\/10166\/revisions"}],"wp:featuredmedia":[{"embeddable":true,"href":"https:\/\/www.rgequip.com\/index.php?rest_route=\/wp\/v2\/media\/18196"}],"wp:attachment":[{"href":"https:\/\/www.rgequip.com\/index.php?rest_route=%2Fwp%2Fv2%2Fmedia&parent=10166"}],"wp:term":[{"taxonomy":"product_brand","embeddable":true,"href":"https:\/\/www.rgequip.com\/index.php?rest_route=%2Fwp%2Fv2%2Fproduct_brand&post=10166"},{"taxonomy":"product_cat","embeddable":true,"href":"https:\/\/www.rgequip.com\/index.php?rest_route=%2Fwp%2Fv2%2Fproduct_cat&post=10166"},{"taxonomy":"product_tag","embeddable":true,"href":"https:\/\/www.rgequip.com\/index.php?rest_route=%2Fwp%2Fv2%2Fproduct_tag&post=10166"}],"curies":[{"name":"wp","href":"https:\/\/api.w.org\/{rel}","templated":true}]}}