{"id":10162,"date":"2019-09-30T10:54:41","date_gmt":"2019-09-30T08:54:41","guid":{"rendered":"https:\/\/www.rgequip.com\/?post_type=product&#038;p=10162"},"modified":"2019-09-30T11:09:50","modified_gmt":"2019-09-30T09:09:50","slug":"congelateur-coffre-avec-porte-coulissante-en-verre-325l","status":"publish","type":"product","link":"https:\/\/www.rgequip.com\/?product=congelateur-coffre-avec-porte-coulissante-en-verre-325l","title":{"rendered":"Cong\u00e9lateur coffre avec porte coulissante en verre 325L"},"content":{"rendered":"<p><span>Le cong\u00e9lateur horizontal avec porte en verre coulissante est \u00e9quip\u00e9 : <\/span><\/p>\n<ul>\n<li><span>d&#8217;une fa\u00e7ade peinte en blanc<\/span><\/li>\n<li><span>d&#8217;un int\u00e9rieur en aluminium elox\u00e9<\/span><\/li>\n<li><span>d&#8217;isolation sans CFC<\/span><\/li>\n<li><span>d&#8217;un thermostat m\u00e9canique<\/span><\/li>\n<li><span>d&#8217;un affichage de la temp\u00e9rature<\/span><\/li>\n<li><span>d&#8217;un thermom\u00e8tre ext\u00e9rieur<\/span><\/li>\n<li><span>d&#8217;un d\u00e9givrage m\u00e9canique<\/span><\/li>\n<li><span>d&#8217;un verrou de porte<\/span><\/li>\n<li><span>de 2 roues et de 2 roues avec freins.\n<p><\/span><span>Enfin, Nombre de paniers (facultatif): maximum 5 pcs.<\/span><\/li>\n<\/ul>\n","protected":false},"excerpt":{"rendered":"<p>Le cong\u00e9lateur horizontal avec porte en verre coulissante est \u00e9quip\u00e9 : d&#8217;une fa\u00e7ade peinte en blanc d&#8217;un int\u00e9rieur en aluminium<\/p>\n","protected":false},"featured_media":10159,"comment_status":"open","ping_status":"closed","template":"","meta":[],"product_brand":[],"product_cat":[268,271,273,286],"product_tag":[],"class_list":{"0":"post-10162","1":"product","2":"type-product","3":"status-publish","4":"has-post-thumbnail","6":"product_cat-froids","7":"product_cat-boissons","8":"product_cat-congelateurs","9":"product_cat-mini-frigo-bars","11":"first","12":"instock","13":"shipping-taxable","14":"product-type-simple"},"_links":{"self":[{"href":"https:\/\/www.rgequip.com\/index.php?rest_route=\/wp\/v2\/product\/10162","targetHints":{"allow":["GET"]}}],"collection":[{"href":"https:\/\/www.rgequip.com\/index.php?rest_route=\/wp\/v2\/product"}],"about":[{"href":"https:\/\/www.rgequip.com\/index.php?rest_route=\/wp\/v2\/types\/product"}],"replies":[{"embeddable":true,"href":"https:\/\/www.rgequip.com\/index.php?rest_route=%2Fwp%2Fv2%2Fcomments&post=10162"}],"version-history":[{"count":0,"href":"https:\/\/www.rgequip.com\/index.php?rest_route=\/wp\/v2\/product\/10162\/revisions"}],"wp:featuredmedia":[{"embeddable":true,"href":"https:\/\/www.rgequip.com\/index.php?rest_route=\/wp\/v2\/media\/10159"}],"wp:attachment":[{"href":"https:\/\/www.rgequip.com\/index.php?rest_route=%2Fwp%2Fv2%2Fmedia&parent=10162"}],"wp:term":[{"taxonomy":"product_brand","embeddable":true,"href":"https:\/\/www.rgequip.com\/index.php?rest_route=%2Fwp%2Fv2%2Fproduct_brand&post=10162"},{"taxonomy":"product_cat","embeddable":true,"href":"https:\/\/www.rgequip.com\/index.php?rest_route=%2Fwp%2Fv2%2Fproduct_cat&post=10162"},{"taxonomy":"product_tag","embeddable":true,"href":"https:\/\/www.rgequip.com\/index.php?rest_route=%2Fwp%2Fv2%2Fproduct_tag&post=10162"}],"curies":[{"name":"wp","href":"https:\/\/api.w.org\/{rel}","templated":true}]}}