{"id":10157,"date":"2019-09-30T10:53:56","date_gmt":"2019-09-30T08:53:56","guid":{"rendered":"https:\/\/www.rgequip.com\/?post_type=product&#038;p=10157"},"modified":"2019-10-17T18:27:31","modified_gmt":"2019-10-17T16:27:31","slug":"congelateur-vitree-3kw-258l","status":"publish","type":"product","link":"https:\/\/www.rgequip.com\/?product=congelateur-vitree-3kw-258l","title":{"rendered":"Cong\u00e9lateur vitr\u00e9e Sur Roulette 3kw 258L"},"content":{"rendered":"<p>Il permet un refroidissement id\u00e9al et possibilit\u00e9 de pr\u00e9sentation parfaite pour la cong\u00e9lation ; et les produits congel\u00e9s<br \/>\ncondenseur sans entretien en construction dans les\u00a0mod\u00e8les tout le drainage de l&#8217;\u00a0eau<\/p>\n<p>Enfin, \u00a0Cong\u00e9lateur en verre de type coffre 258 litres .<\/p>\n","protected":false},"excerpt":{"rendered":"<p>Il permet un refroidissement id\u00e9al et possibilit\u00e9 de pr\u00e9sentation parfaite pour la cong\u00e9lation ; et les produits congel\u00e9s condenseur sans<\/p>\n","protected":false},"featured_media":10159,"comment_status":"open","ping_status":"closed","template":"","meta":[],"product_brand":[],"product_cat":[268,271,273,286],"product_tag":[],"class_list":{"0":"post-10157","1":"product","2":"type-product","3":"status-publish","4":"has-post-thumbnail","6":"product_cat-froids","7":"product_cat-boissons","8":"product_cat-congelateurs","9":"product_cat-mini-frigo-bars","11":"first","12":"instock","13":"shipping-taxable","14":"product-type-simple"},"_links":{"self":[{"href":"https:\/\/www.rgequip.com\/index.php?rest_route=\/wp\/v2\/product\/10157","targetHints":{"allow":["GET"]}}],"collection":[{"href":"https:\/\/www.rgequip.com\/index.php?rest_route=\/wp\/v2\/product"}],"about":[{"href":"https:\/\/www.rgequip.com\/index.php?rest_route=\/wp\/v2\/types\/product"}],"replies":[{"embeddable":true,"href":"https:\/\/www.rgequip.com\/index.php?rest_route=%2Fwp%2Fv2%2Fcomments&post=10157"}],"version-history":[{"count":0,"href":"https:\/\/www.rgequip.com\/index.php?rest_route=\/wp\/v2\/product\/10157\/revisions"}],"wp:featuredmedia":[{"embeddable":true,"href":"https:\/\/www.rgequip.com\/index.php?rest_route=\/wp\/v2\/media\/10159"}],"wp:attachment":[{"href":"https:\/\/www.rgequip.com\/index.php?rest_route=%2Fwp%2Fv2%2Fmedia&parent=10157"}],"wp:term":[{"taxonomy":"product_brand","embeddable":true,"href":"https:\/\/www.rgequip.com\/index.php?rest_route=%2Fwp%2Fv2%2Fproduct_brand&post=10157"},{"taxonomy":"product_cat","embeddable":true,"href":"https:\/\/www.rgequip.com\/index.php?rest_route=%2Fwp%2Fv2%2Fproduct_cat&post=10157"},{"taxonomy":"product_tag","embeddable":true,"href":"https:\/\/www.rgequip.com\/index.php?rest_route=%2Fwp%2Fv2%2Fproduct_tag&post=10157"}],"curies":[{"name":"wp","href":"https:\/\/api.w.org\/{rel}","templated":true}]}}