{"id":10017,"date":"2019-09-27T15:47:45","date_gmt":"2019-09-27T13:47:45","guid":{"rendered":"https:\/\/www.rgequip.com\/?post_type=product&#038;p=10017"},"modified":"2019-09-30T10:35:07","modified_gmt":"2019-09-30T08:35:07","slug":"planche-a-baguettes","status":"publish","type":"product","link":"https:\/\/www.rgequip.com\/?product=planche-a-baguettes","title":{"rendered":"PLANCHE \u00c0 BAGUETTES"},"content":{"rendered":"<p>En bois de h\u00eatre massif<br \/>\nMod\u00e8le combin\u00e9, 1 c\u00f4t\u00e9 avec rigole et 1 c\u00f4t\u00e9 rainur\u00e9<\/p>\n","protected":false},"excerpt":{"rendered":"<p>En bois de h\u00eatre massif Mod\u00e8le combin\u00e9, 1 c\u00f4t\u00e9 avec rigole et 1 c\u00f4t\u00e9 rainur\u00e9<\/p>\n","protected":false},"featured_media":10155,"comment_status":"open","ping_status":"closed","template":"","meta":[],"product_brand":[],"product_cat":[337,340,356],"product_tag":[],"class_list":{"0":"post-10017","1":"product","2":"type-product","3":"status-publish","4":"has-post-thumbnail","6":"product_cat-preparation","7":"product_cat-accessoires-preparation","8":"product_cat-planches-a-decouper","10":"first","11":"instock","12":"shipping-taxable","13":"product-type-simple"},"_links":{"self":[{"href":"https:\/\/www.rgequip.com\/index.php?rest_route=\/wp\/v2\/product\/10017","targetHints":{"allow":["GET"]}}],"collection":[{"href":"https:\/\/www.rgequip.com\/index.php?rest_route=\/wp\/v2\/product"}],"about":[{"href":"https:\/\/www.rgequip.com\/index.php?rest_route=\/wp\/v2\/types\/product"}],"replies":[{"embeddable":true,"href":"https:\/\/www.rgequip.com\/index.php?rest_route=%2Fwp%2Fv2%2Fcomments&post=10017"}],"version-history":[{"count":0,"href":"https:\/\/www.rgequip.com\/index.php?rest_route=\/wp\/v2\/product\/10017\/revisions"}],"wp:featuredmedia":[{"embeddable":true,"href":"https:\/\/www.rgequip.com\/index.php?rest_route=\/wp\/v2\/media\/10155"}],"wp:attachment":[{"href":"https:\/\/www.rgequip.com\/index.php?rest_route=%2Fwp%2Fv2%2Fmedia&parent=10017"}],"wp:term":[{"taxonomy":"product_brand","embeddable":true,"href":"https:\/\/www.rgequip.com\/index.php?rest_route=%2Fwp%2Fv2%2Fproduct_brand&post=10017"},{"taxonomy":"product_cat","embeddable":true,"href":"https:\/\/www.rgequip.com\/index.php?rest_route=%2Fwp%2Fv2%2Fproduct_cat&post=10017"},{"taxonomy":"product_tag","embeddable":true,"href":"https:\/\/www.rgequip.com\/index.php?rest_route=%2Fwp%2Fv2%2Fproduct_tag&post=10017"}],"curies":[{"name":"wp","href":"https:\/\/api.w.org\/{rel}","templated":true}]}}